{"id":8028,"date":"2018-12-10T03:06:47","date_gmt":"2018-12-10T03:06:47","guid":{"rendered":"http:\/\/travelhotel.wpengine.com\/?page_id=8028"},"modified":"2021-07-29T11:23:40","modified_gmt":"2021-07-29T11:23:40","slug":"chi-siamo","status":"publish","type":"page","link":"https:\/\/www.assoguide.it\/pt\/chi-siamo\/","title":{"rendered":"QUEM SOMOS"},"content":{"rendered":"<div class=\"wpb-content-wrapper\"><div class=\"vc_row wpb_row st bg-holder\"><div class='container'><div class='row'>\n\t<div class=\"wpb_column column_container col-md-12\"><div class=\"vc_column-inner wpb_wrapper\">\n\t\t\t<div class=\"vc_empty_space\"   style=\"height: 60px\"><span class=\"vc_empty_space_inner\"><\/span><\/div><\/div>\n\t<\/div> \n<\/div><!--End .row--><\/div><!--End .container--><\/div><div class=\"vc_row wpb_row st bg-holder\"><div class='container'><div class='row'>\n\t<div class=\"wpb_column column_container col-md-12\"><div class=\"vc_column-inner wpb_wrapper\">\n\t\t\t\n\t<div class=\"wpb_text_column wpb_content_element st-aboutus-title\" >\n\t\t<div class=\"wpb_wrapper\">\n\t\t\t<h2>AGTU, uma hist\u00f3ria de 40 anos<\/h2>\n\n\t\t<\/div>\n\t<\/div>\n\n\t<div class=\"wpb_text_column wpb_content_element st-aboutus-content\" >\n\t\t<div class=\"wpb_wrapper\">\n\t\t\t<p class=\"rtejustify translation-block\">Nossa AGTU a Associazione Guide Turistiche dell'Umbria (Associa\u00e7\u00e3o de Guias Tur\u00edsticos da Umbria), nasceu em 1982 em conjunto com a primeira lei sobre a profiss\u00e3o de Guia de Turismo. A AGTU, na It\u00e1lia, representa uma das primeiras associa\u00e7\u00f5es criadas para proteger os profissionais da categoria e promover suas atividades. Nossos 50 guias da AGTU s\u00e3o todos autorizados pela Regi\u00e3o Umbria e residem l\u00e1; na verdade, eles refor\u00e7am a import\u00e2ncia de um guia local especializado na \u00e1rea a que pertencem. Precisamente por esta raz\u00e3o AGTU \u00e9 a principal refer\u00eancia para visitas guiadas na Umbria: dos destinos mais populares aos menos conhecidos, os nossos guias contam as maravilhas da Umbria com dedica\u00e7\u00e3o, paix\u00e3o e profissionalismo.<\/p>\n\n\t\t<\/div>\n\t<\/div>\n<div class=\"vc_empty_space\"   style=\"height: 30px\"><span class=\"vc_empty_space_inner\"><\/span><\/div><\/div>\n\t<\/div> \n<\/div><!--End .row--><\/div><!--End .container--><\/div><div data-vc-full-width=\"true\" data-vc-full-width-init=\"false\" data-vc-stretch-content=\"true\" class=\"vc_row wpb_row st bg-holder vc_row-no-padding\"><div class='container-fluid'> <div class='row'>\n\t<div class=\"wpb_column column_container col-md-12 vc_custom_1543386510262\"><div class=\"vc_column-inner wpb_wrapper\">\n\t\t\t<div class=\"st-aboutus-gallery\">\r\n            <div class=\"st-flickity st-gallery\">\r\n            <div class=\"carousel\"\r\n                 data-flickity='{ \"wrapAround\": true, \"pageDots\": true , \"autoPlay\" : true}'>\r\n                                    <div class=\"item\" style=\"background-image: url('https:\/\/b3822931.smushcdn.com\/3822931\/wp-content\/uploads\/2021\/03\/GUIDE-TUR-076.jpg?lossy=1&strip=1&webp=1')\"><\/div>\r\n                                        <div class=\"item\" style=\"background-image: url('https:\/\/b3822931.smushcdn.com\/3822931\/wp-content\/uploads\/2021\/03\/Gubbio-Palazzo-Consoli-2_1-scaled.jpg?lossy=1&strip=1&webp=1')\"><\/div>\r\n                                        <div class=\"item\" style=\"background-image: url('https:\/\/b3822931.smushcdn.com\/3822931\/wp-content\/uploads\/2021\/03\/IMG_3350_0-scaled.jpg?lossy=1&strip=1&webp=1')\"><\/div>\r\n                                        <div class=\"item\" style=\"background-image: url('https:\/\/b3822931.smushcdn.com\/3822931\/wp-content\/uploads\/2021\/03\/guida-1-scaled.jpg?lossy=1&strip=1&webp=1')\"><\/div>\r\n                                        <div class=\"item\" style=\"background-image: url('https:\/\/b3822931.smushcdn.com\/3822931\/wp-content\/uploads\/2021\/03\/PANICALE-San-Sebastiano2.jpg?lossy=1&strip=1&webp=1')\"><\/div>\r\n                                        <div class=\"item\" style=\"background-image: url('https:\/\/b3822931.smushcdn.com\/3822931\/wp-content\/uploads\/2021\/03\/IMG_0231-scaled.jpg?lossy=1&strip=1&webp=1')\"><\/div>\r\n                                        <div class=\"item\" style=\"background-image: url('https:\/\/b3822931.smushcdn.com\/3822931\/wp-content\/uploads\/2021\/03\/DSC_0128_3-scaled.jpg?lossy=1&strip=1&webp=1')\"><\/div>\r\n                                <\/div>\r\n            <div class=\"slogan\">\r\n                <h4><\/h4>\r\n                                        <a href=\"\" target=\"\" class=\"btn btn-primary\"><\/a>\r\n                                <\/div>\r\n        <\/div>\r\n    <\/div>\r\n<\/div>\n\t<\/div> \n<\/div><!--End .row--><\/div><!--End .container--><\/div><div class=\"vc_row-full-width vc_clearfix\"><\/div>\n<\/div>","protected":false},"excerpt":{"rendered":"AGTU, una storia lunga 40 anni La nostra AGTU Associazione Guide Turistiche dell\u2019Umbria nasce nel 1982 in concomitanza con la prima legge sulla professione di Guida Turistica. AGTU, in Italia, rappresenta una delle prime realt\u00e0 associative che si sono costituite per tutelare i professionisti della categoria e promuoverne le attivit\u00e0. Le nostre 50 guide AGTU [...]","protected":false},"author":5,"featured_media":8306,"parent":0,"menu_order":0,"comment_status":"closed","ping_status":"closed","template":"template-home-modern.php","meta":{"footnotes":""},"class_list":["post-8028","page","type-page","status-publish","has-post-thumbnail","hentry"],"_links":{"self":[{"href":"https:\/\/www.assoguide.it\/pt\/wp-json\/wp\/v2\/pages\/8028","targetHints":{"allow":["GET"]}}],"collection":[{"href":"https:\/\/www.assoguide.it\/pt\/wp-json\/wp\/v2\/pages"}],"about":[{"href":"https:\/\/www.assoguide.it\/pt\/wp-json\/wp\/v2\/types\/page"}],"author":[{"embeddable":true,"href":"https:\/\/www.assoguide.it\/pt\/wp-json\/wp\/v2\/users\/5"}],"replies":[{"embeddable":true,"href":"https:\/\/www.assoguide.it\/pt\/wp-json\/wp\/v2\/comments?post=8028"}],"version-history":[{"count":0,"href":"https:\/\/www.assoguide.it\/pt\/wp-json\/wp\/v2\/pages\/8028\/revisions"}],"wp:featuredmedia":[{"embeddable":true,"href":"https:\/\/www.assoguide.it\/pt\/wp-json\/wp\/v2\/media\/8306"}],"wp:attachment":[{"href":"https:\/\/www.assoguide.it\/pt\/wp-json\/wp\/v2\/media?parent=8028"}],"curies":[{"name":"wp","href":"https:\/\/api.w.org\/{rel}","templated":true}]}}